{"id":18,"date":"2019-11-01T08:47:29","date_gmt":"2019-11-01T07:47:29","guid":{"rendered":"https:\/\/www.nadreve.cz\/?page_id=18"},"modified":"2026-04-15T10:39:41","modified_gmt":"2026-04-15T08:39:41","slug":"domu","status":"publish","type":"page","link":"https:\/\/nadreve.cz\/","title":{"rendered":""},"content":{"rendered":"\n<p class=\"has-text-align-left\"><strong>Interi\u00e9rov\u00e9 poradenstv\u00ed pro<\/strong><\/p>\n\n\n\n<p>_rekonstrukce a revitalizace <\/p>\n\n\n\n<p>_z\u00fatuln\u011bn\u00ed interi\u00e9ru<\/p>\n\n\n\n<p>_n\u00e1bytek na m\u00edru<\/p>\n\n\n\n<p>_pomoc s problematick\u00fdmi m\u00edsty <\/p>\n\n\n\n<p class=\"has-text-align-center\">\/<\/p>\n\n\n\n<p><\/p>\n\n\n\n<p class=\"has-text-align-left\"><strong>Realizuji<\/strong><\/p>\n\n\n\n<p class=\"has-text-align-left\">_grafick\u00e9 n\u00e1vrhy ve 2D a 3D<\/p>\n\n\n\n<p>_moodboardy<\/p>\n\n\n\n<p>_v\u00fdb\u011br barev, materi\u00e1l\u016f a konkr\u00e9tn\u00edho za\u0159\u00edzen\u00ed<\/p>\n\n\n\n<p>_konzultace<\/p>\n\n\n\n<p class=\"has-text-align-center\"><\/p>\n\n\n\n<p class=\"has-text-align-center\">\/<\/p>\n\n\n\n<p><strong>Pro\u010d <em>na d\u0159ev\u011b<\/em><\/strong><\/p>\n\n\n\n<p>V m\u00e9 pr\u00e1ci hraje d\u0159evo ze v\u0161ech materi\u00e1l\u016f nejd\u016fle\u017eit\u011bj\u0161\u00ed roli. D\u00edky n\u011bmu prostor d\u00fdch\u00e1, z\u00e1\u0159\u00ed i h\u0159eje a p\u016fsob\u00ed tak blahod\u00e1rn\u011b proti stresu.<\/p>\n\n\n\n<p class=\"has-text-align-center\"><\/p>\n","protected":false},"excerpt":{"rendered":"<p>Interi\u00e9rov\u00e9 poradenstv\u00ed pro _rekonstrukce a revitalizace _z\u00fatuln\u011bn\u00ed interi\u00e9ru _n\u00e1bytek na m\u00edru _pomoc s problematick\u00fdmi m\u00edsty \/ Realizuji _grafick\u00e9 n\u00e1vrhy ve 2D a 3D _moodboardy _v\u00fdb\u011br [&hellip;]<\/p>\n","protected":false},"author":1,"featured_media":732,"parent":0,"menu_order":0,"comment_status":"closed","ping_status":"closed","template":"","meta":{"footnotes":""},"class_list":["post-18","page","type-page","status-publish","has-post-thumbnail","hentry"],"_links":{"self":[{"href":"https:\/\/nadreve.cz\/index.php?rest_route=\/wp\/v2\/pages\/18","targetHints":{"allow":["GET"]}}],"collection":[{"href":"https:\/\/nadreve.cz\/index.php?rest_route=\/wp\/v2\/pages"}],"about":[{"href":"https:\/\/nadreve.cz\/index.php?rest_route=\/wp\/v2\/types\/page"}],"author":[{"embeddable":true,"href":"https:\/\/nadreve.cz\/index.php?rest_route=\/wp\/v2\/users\/1"}],"replies":[{"embeddable":true,"href":"https:\/\/nadreve.cz\/index.php?rest_route=%2Fwp%2Fv2%2Fcomments&post=18"}],"version-history":[{"count":117,"href":"https:\/\/nadreve.cz\/index.php?rest_route=\/wp\/v2\/pages\/18\/revisions"}],"predecessor-version":[{"id":737,"href":"https:\/\/nadreve.cz\/index.php?rest_route=\/wp\/v2\/pages\/18\/revisions\/737"}],"wp:featuredmedia":[{"embeddable":true,"href":"https:\/\/nadreve.cz\/index.php?rest_route=\/wp\/v2\/media\/732"}],"wp:attachment":[{"href":"https:\/\/nadreve.cz\/index.php?rest_route=%2Fwp%2Fv2%2Fmedia&parent=18"}],"curies":[{"name":"wp","href":"https:\/\/api.w.org\/{rel}","templated":true}]}}