{"id":19,"date":"2019-11-01T08:47:29","date_gmt":"2019-11-01T07:47:29","guid":{"rendered":"https:\/\/www.nadreve.cz\/?page_id=19"},"modified":"2026-04-15T10:53:22","modified_gmt":"2026-04-15T08:53:22","slug":"o-nas","status":"publish","type":"page","link":"https:\/\/nadreve.cz\/?page_id=19","title":{"rendered":""},"content":{"rendered":"\n<p>Jmenuji se <strong>Simona Pracn\u00e1<\/strong> a od roku 2020 pom\u00e1h\u00e1m klient\u016fm s rekonstrukcemi, za\u0159izov\u00e1n\u00edm interi\u00e9r\u016f a z\u00fatul\u0148ov\u00e1n\u00edm.<\/p>\n\n\n\n<p>Ve sv\u00e9 pr\u00e1ci usiluji o ide\u00e1ln\u00ed pom\u011br <strong>autenticity, jednoduchosti, \u00fatulna a prakti\u010dnosti<\/strong>. Stylov\u011b m\u00e1m velmi bl\u00edzko k britsk\u00e9mu venkovu, skandin\u00e1vsk\u00e9mu minimalismu, ale inspiraci \u010derp\u00e1m t\u0159eba i z lidov\u00e9 architektury.<\/p>\n\n\n\n<p>Pracuji v programu Sketch up, r\u00e1da se prob\u00edr\u00e1m vzorn\u00edky a ze v\u0161eho nejv\u00edc m\u011b bav\u00ed p\u0159\u00edrodn\u00ed materi\u00e1ly.<\/p>\n\n\n\n<p class=\"has-text-align-center\">\/<\/p>\n\n\n<div class=\"wp-block-image\">\n<figure class=\"aligncenter size-large is-resized\"><img loading=\"lazy\" decoding=\"async\" width=\"803\" height=\"1024\" src=\"https:\/\/nadreve.cz\/wp-content\/uploads\/2024\/09\/PXL_20220702_145439777.MP2_-803x1024.jpg\" alt=\"\" class=\"wp-image-658\" style=\"width:285px;height:auto\" srcset=\"https:\/\/nadreve.cz\/wp-content\/uploads\/2024\/09\/PXL_20220702_145439777.MP2_-803x1024.jpg 803w, https:\/\/nadreve.cz\/wp-content\/uploads\/2024\/09\/PXL_20220702_145439777.MP2_-235x300.jpg 235w, https:\/\/nadreve.cz\/wp-content\/uploads\/2024\/09\/PXL_20220702_145439777.MP2_-768x979.jpg 768w, https:\/\/nadreve.cz\/wp-content\/uploads\/2024\/09\/PXL_20220702_145439777.MP2_-1205x1536.jpg 1205w, https:\/\/nadreve.cz\/wp-content\/uploads\/2024\/09\/PXL_20220702_145439777.MP2_.jpg 1407w\" sizes=\"auto, (max-width: 803px) 100vw, 803px\" \/><\/figure>\n<\/div>","protected":false},"excerpt":{"rendered":"<p>Jmenuji se Simona Pracn\u00e1 a od roku 2020 pom\u00e1h\u00e1m klient\u016fm s rekonstrukcemi, za\u0159izov\u00e1n\u00edm interi\u00e9r\u016f a z\u00fatul\u0148ov\u00e1n\u00edm. Ve sv\u00e9 pr\u00e1ci usiluji o ide\u00e1ln\u00ed pom\u011br autenticity, jednoduchosti, [&hellip;]<\/p>\n","protected":false},"author":1,"featured_media":726,"parent":0,"menu_order":0,"comment_status":"closed","ping_status":"closed","template":"","meta":{"footnotes":""},"class_list":["post-19","page","type-page","status-publish","has-post-thumbnail","hentry"],"_links":{"self":[{"href":"https:\/\/nadreve.cz\/index.php?rest_route=\/wp\/v2\/pages\/19","targetHints":{"allow":["GET"]}}],"collection":[{"href":"https:\/\/nadreve.cz\/index.php?rest_route=\/wp\/v2\/pages"}],"about":[{"href":"https:\/\/nadreve.cz\/index.php?rest_route=\/wp\/v2\/types\/page"}],"author":[{"embeddable":true,"href":"https:\/\/nadreve.cz\/index.php?rest_route=\/wp\/v2\/users\/1"}],"replies":[{"embeddable":true,"href":"https:\/\/nadreve.cz\/index.php?rest_route=%2Fwp%2Fv2%2Fcomments&post=19"}],"version-history":[{"count":71,"href":"https:\/\/nadreve.cz\/index.php?rest_route=\/wp\/v2\/pages\/19\/revisions"}],"predecessor-version":[{"id":738,"href":"https:\/\/nadreve.cz\/index.php?rest_route=\/wp\/v2\/pages\/19\/revisions\/738"}],"wp:featuredmedia":[{"embeddable":true,"href":"https:\/\/nadreve.cz\/index.php?rest_route=\/wp\/v2\/media\/726"}],"wp:attachment":[{"href":"https:\/\/nadreve.cz\/index.php?rest_route=%2Fwp%2Fv2%2Fmedia&parent=19"}],"curies":[{"name":"wp","href":"https:\/\/api.w.org\/{rel}","templated":true}]}}