{"id":20,"date":"2019-11-01T08:47:29","date_gmt":"2019-11-01T07:47:29","guid":{"rendered":"https:\/\/www.nadreve.cz\/?page_id=20"},"modified":"2026-04-13T19:19:09","modified_gmt":"2026-04-13T17:19:09","slug":"kontakt","status":"publish","type":"page","link":"https:\/\/nadreve.cz\/?page_id=20","title":{"rendered":""},"content":{"rendered":"\n<p><\/p>\n\n\n\n<p><strong>Simona Pracn\u00e1<\/strong><\/p>\n\n\n\n<p>simonapracna(@)gmail.com \/&nbsp; <a href=\"https:\/\/www.instagram.com\/nadreve.cz\/\">instagram<\/a><\/p>\n\n\n\n<p class=\"has-text-align-left\">Lu\u010dn\u00ed 90, Hlu\u0161ovice 783 14, I\u010cO 08921440<\/p>\n\n\n\n<p>Nejsem pl\u00e1tcem DPH. Jako podnikatelka jsem zaps\u00e1na v \u017eivnostensk\u00e9m rejst\u0159\u00edku Magistr\u00e1tu m\u011bsta Olomouce.<\/p>\n\n\n\n<p class=\"has-text-align-center\"><\/p>\n\n\n\n<p><\/p>\n\n\n\n<p><\/p>\n","protected":false},"excerpt":{"rendered":"<p>Simona Pracn\u00e1 simonapracna(@)gmail.com \/&nbsp; instagram Lu\u010dn\u00ed 90, Hlu\u0161ovice 783 14, I\u010cO 08921440 Nejsem pl\u00e1tcem DPH. Jako podnikatelka jsem zaps\u00e1na v \u017eivnostensk\u00e9m rejst\u0159\u00edku Magistr\u00e1tu m\u011bsta Olomouce.<\/p>\n","protected":false},"author":1,"featured_media":122,"parent":0,"menu_order":0,"comment_status":"closed","ping_status":"closed","template":"","meta":{"footnotes":""},"class_list":["post-20","page","type-page","status-publish","has-post-thumbnail","hentry"],"_links":{"self":[{"href":"https:\/\/nadreve.cz\/index.php?rest_route=\/wp\/v2\/pages\/20","targetHints":{"allow":["GET"]}}],"collection":[{"href":"https:\/\/nadreve.cz\/index.php?rest_route=\/wp\/v2\/pages"}],"about":[{"href":"https:\/\/nadreve.cz\/index.php?rest_route=\/wp\/v2\/types\/page"}],"author":[{"embeddable":true,"href":"https:\/\/nadreve.cz\/index.php?rest_route=\/wp\/v2\/users\/1"}],"replies":[{"embeddable":true,"href":"https:\/\/nadreve.cz\/index.php?rest_route=%2Fwp%2Fv2%2Fcomments&post=20"}],"version-history":[{"count":21,"href":"https:\/\/nadreve.cz\/index.php?rest_route=\/wp\/v2\/pages\/20\/revisions"}],"predecessor-version":[{"id":734,"href":"https:\/\/nadreve.cz\/index.php?rest_route=\/wp\/v2\/pages\/20\/revisions\/734"}],"wp:featuredmedia":[{"embeddable":true,"href":"https:\/\/nadreve.cz\/index.php?rest_route=\/wp\/v2\/media\/122"}],"wp:attachment":[{"href":"https:\/\/nadreve.cz\/index.php?rest_route=%2Fwp%2Fv2%2Fmedia&parent=20"}],"curies":[{"name":"wp","href":"https:\/\/api.w.org\/{rel}","templated":true}]}}